{"id":298,"date":"2022-03-09T14:54:53","date_gmt":"2022-03-09T13:54:53","guid":{"rendered":"http:\/\/lalongeredulavoir.fr\/?page_id=298"},"modified":"2024-11-03T19:35:55","modified_gmt":"2024-11-03T18:35:55","slug":"home","status":"publish","type":"page","link":"https:\/\/lalongeredulavoir.fr\/","title":{"rendered":"Home"},"content":{"rendered":"\t\t<div data-elementor-type=\"wp-page\" data-elementor-id=\"298\" class=\"elementor elementor-298\">\n\t\t\t\t\t\t<section class=\"elementor-section elementor-top-section elementor-element elementor-element-181c159 elementor-section-boxed elementor-section-height-default elementor-section-height-default\" data-id=\"181c159\" data-element_type=\"section\" data-e-type=\"section\">\n\t\t\t\t\t\t<div class=\"elementor-container elementor-column-gap-default\">\n\t\t\t\t\t<div class=\"elementor-column elementor-col-100 elementor-top-column elementor-element elementor-element-ce4e5a3\" data-id=\"ce4e5a3\" data-element_type=\"column\" data-e-type=\"column\">\n\t\t\t<div class=\"elementor-widget-wrap elementor-element-populated\">\n\t\t\t\t\t\t<div class=\"elementor-element elementor-element-d50e840 elementor-widget elementor-widget-text-editor\" data-id=\"d50e840\" data-element_type=\"widget\" data-e-type=\"widget\" data-widget_type=\"text-editor.default\">\n\t\t\t\t<div class=\"elementor-widget-container\">\n\t\t\t\t\t\t\t\t\t<p><span style=\"color: #003366;\"><span style=\"vertical-align: inherit;\"><span style=\"vertical-align: inherit;\"><span style=\"vertical-align: inherit;\"><span style=\"vertical-align: inherit;\">La Long\u00e8re du Lavoir est un g\u00eete en Touraine, class\u00e9 3*, am\u00e9nag\u00e9 dans une maison traditionnelle tourangelle (long\u00e8re).<\/span><\/span><\/span><\/span><\/span><\/p><p><span style=\"color: #003366;\"><span style=\"vertical-align: inherit;\"><span style=\"vertical-align: inherit;\"><span style=\"vertical-align: inherit;\"><span style=\"vertical-align: inherit;\">La Long\u00e8re du Lavoir, g\u00eete au coeur des plus beaux ch\u00e2teaux de la Loire, vous accueille dans un cadre authentique, calme et verdoyant.<\/span><\/span><\/span><\/span><\/span><\/p><p><span style=\"color: #003366;\"><span style=\"vertical-align: inherit;\"><span style=\"vertical-align: inherit;\"><span style=\"vertical-align: inherit;\"><span style=\"vertical-align: inherit;\">La r\u00e9novation et la d\u00e9coration unique de cette maison de famille lui donnent beaucoup de caract\u00e8re et de chaleur. Tr\u00e8s bien \u00e9quip\u00e9e, vous vous sentirez comme chez vous !<\/span><\/span><\/span><\/span><\/span><\/p><p><span style=\"color: #003366;\"><span style=\"vertical-align: inherit;\"><span style=\"vertical-align: inherit;\"><span style=\"vertical-align: inherit;\"><span style=\"vertical-align: inherit;\">Le jardin privatif et enti\u00e8rement clos fera le bonheur des petits et des grands (terrain de p\u00e9tanque, table de ping-pong, balan\u00e7oire, transats et autres jeux ext\u00e9rieurs).<\/span><\/span><\/span><\/span><\/span><\/p><p><span style=\"color: #003366;\"><span style=\"vertical-align: inherit;\"><span style=\"vertical-align: inherit;\"><span style=\"vertical-align: inherit;\"><span style=\"vertical-align: inherit;\">La grande terrasse, expos\u00e9e plein sud, vous fera profiter des rayons du soleil en toutes saisons.<\/span><\/span><\/span><\/span><\/span><\/p><p><span style=\"color: #003366;\"><span style=\"vertical-align: inherit;\"><span style=\"vertical-align: inherit;\"><span style=\"vertical-align: inherit;\"><span style=\"vertical-align: inherit;\">La situation g\u00e9ographique de ce g\u00eete en Touraine en fait le point de d\u00e9part id\u00e9al pour visiter les Ch\u00e2teaux de la Loire, notamment Amboise et Chenonceau, accessible \u00e0 v\u00e9lo.<\/span><\/span><\/span><\/span><\/span><\/p><p><span style=\"color: #003366;\"><span style=\"vertical-align: inherit;\"><span style=\"vertical-align: inherit;\"><span style=\"vertical-align: inherit;\"><span style=\"vertical-align: inherit;\">La proximit\u00e9 de la rivi\u00e8re Cher, des vignes et de la for\u00eat d&#8217;Amboise vous permettra de faire de belles balades \u00e0 pied ou \u00e0 v\u00e9lo.<\/span><\/span><\/span><\/span><\/span><\/p><p><span style=\"color: #003366;\"><span style=\"vertical-align: inherit;\"><span style=\"vertical-align: inherit;\"><span style=\"vertical-align: inherit;\"><span style=\"vertical-align: inherit;\">Ce g\u00eete en Touraine peut accueillir jusqu&#8217;\u00e0 10 personnes.<\/span><\/span><\/span><\/span><\/span><\/p><p><span style=\"color: #003366;\"><span style=\"vertical-align: inherit;\"><span style=\"vertical-align: inherit;\"><span style=\"vertical-align: inherit;\"><span style=\"vertical-align: inherit;\">Le rez-de-chauss\u00e9e (cuisine, salon, salle \u00e0 manger, chambre avec lit double et salle d&#8217;eau) est labellis\u00e9 Tourisme et Handicap pour tous les types de handicap (moteur, auditif, visuel, mental).<\/span><\/span><\/span><\/span><\/span><\/p><p><span style=\"color: #003366;\"><span style=\"vertical-align: inherit;\"><span style=\"vertical-align: inherit;\"><span style=\"vertical-align: inherit;\"><span style=\"vertical-align: inherit;\">Les animaux sont les bienvenus et passeront d&#8217;excellentes vacances !<\/span><\/span><\/span><\/span><\/span><\/p><p><span style=\"color: #003366;\"><span style=\"vertical-align: inherit;\"><span style=\"vertical-align: inherit;\"><span style=\"vertical-align: inherit;\"><span style=\"vertical-align: inherit;\">Sandrine et Christian auront le plaisir de vous accueillir \u00e0 votre arriv\u00e9e pour vous faire visiter les lieux et vous donner, si vous le souhaitez, des informations sur la r\u00e9gion.<\/span><\/span><\/span><\/span><\/span><\/p>\t\t\t\t\t\t\t\t<\/div>\n\t\t\t\t<\/div>\n\t\t\t\t\t<\/div>\n\t\t<\/div>\n\t\t\t\t\t<\/div>\n\t\t<\/section>\n\t\t\t\t<\/div>\n\t\t","protected":false},"excerpt":{"rendered":"<p>La Long\u00e8re du Lavoir est un g\u00eete en Touraine, class\u00e9 3*, am\u00e9nag\u00e9 dans une maison traditionnelle tourangelle (long\u00e8re). La Long\u00e8re du Lavoir, g\u00eete au coeur des plus beaux ch\u00e2teaux de la Loire, vous accueille dans un cadre authentique, calme et verdoyant. La r\u00e9novation et la d\u00e9coration unique de cette maison [&hellip;]<\/p>\n","protected":false},"author":1,"featured_media":0,"parent":0,"menu_order":0,"comment_status":"closed","ping_status":"closed","template":"","meta":{"footnotes":""},"class_list":["post-298","page","type-page","status-publish","hentry"],"_links":{"self":[{"href":"https:\/\/lalongeredulavoir.fr\/index.php?rest_route=\/wp\/v2\/pages\/298","targetHints":{"allow":["GET"]}}],"collection":[{"href":"https:\/\/lalongeredulavoir.fr\/index.php?rest_route=\/wp\/v2\/pages"}],"about":[{"href":"https:\/\/lalongeredulavoir.fr\/index.php?rest_route=\/wp\/v2\/types\/page"}],"author":[{"embeddable":true,"href":"https:\/\/lalongeredulavoir.fr\/index.php?rest_route=\/wp\/v2\/users\/1"}],"replies":[{"embeddable":true,"href":"https:\/\/lalongeredulavoir.fr\/index.php?rest_route=%2Fwp%2Fv2%2Fcomments&post=298"}],"version-history":[{"count":41,"href":"https:\/\/lalongeredulavoir.fr\/index.php?rest_route=\/wp\/v2\/pages\/298\/revisions"}],"predecessor-version":[{"id":1762,"href":"https:\/\/lalongeredulavoir.fr\/index.php?rest_route=\/wp\/v2\/pages\/298\/revisions\/1762"}],"wp:attachment":[{"href":"https:\/\/lalongeredulavoir.fr\/index.php?rest_route=%2Fwp%2Fv2%2Fmedia&parent=298"}],"curies":[{"name":"wp","href":"https:\/\/api.w.org\/{rel}","templated":true}]}}