{"id":1111,"date":"2022-06-01T16:52:13","date_gmt":"2022-06-01T14:52:13","guid":{"rendered":"https:\/\/lalongeredulavoir.fr\/?page_id=1111"},"modified":"2022-06-03T21:44:27","modified_gmt":"2022-06-03T19:44:27","slug":"mentions-legales","status":"publish","type":"page","link":"https:\/\/lalongeredulavoir.fr\/?page_id=1111","title":{"rendered":"Mentions l\u00e9gales"},"content":{"rendered":"\t\t<div data-elementor-type=\"wp-page\" data-elementor-id=\"1111\" class=\"elementor elementor-1111\">\n\t\t\t\t\t\t<section class=\"elementor-section elementor-top-section elementor-element elementor-element-30e728e elementor-section-boxed elementor-section-height-default elementor-section-height-default\" data-id=\"30e728e\" data-element_type=\"section\" data-e-type=\"section\">\n\t\t\t\t\t\t<div class=\"elementor-container elementor-column-gap-default\">\n\t\t\t\t\t<div class=\"elementor-column elementor-col-100 elementor-top-column elementor-element elementor-element-e2f5f16\" data-id=\"e2f5f16\" data-element_type=\"column\" data-e-type=\"column\">\n\t\t\t<div class=\"elementor-widget-wrap elementor-element-populated\">\n\t\t\t\t\t\t<div class=\"elementor-element elementor-element-69cb3b7 elementor-widget elementor-widget-text-editor\" data-id=\"69cb3b7\" data-element_type=\"widget\" data-e-type=\"widget\" data-widget_type=\"text-editor.default\">\n\t\t\t\t<div class=\"elementor-widget-container\">\n\t\t\t\t\t\t\t\t\t<p><strong>Identification :<\/strong><\/p><p>Ce site est la propri\u00e9t\u00e9 de la SCI La Long\u00e8re du Lavoir<\/p><p>Si\u00e8ge social : 2 rue des Coudraies, 37150 Francueil<\/p><p>RCS Tours 829 027 259 00011<\/p><p>Capital social : 1000 \u20ac<\/p><p>Responsable : Sandrine Villemaine<\/p><p><strong>H\u00e9bergement :<\/strong><\/p><p>OVH<\/p><p>2 rue kellermann BP 80157 59053 Roubaix cedex 1<\/p><p>RCS Lille M\u00e9tropole 424 761 419 00045<\/p><p><strong>Propri\u00e9t\u00e9 intellectuelle :<\/strong><\/p><p><span>L\u2019ensemble des \u00e9l\u00e9ments de ce site, en particulier sa pr\u00e9sentation, ses textes, ses illustrations ne peut faire l\u2019objet d\u2019une quelconque modification, alt\u00e9ration, reproduction partielle ou totale et, plus g\u00e9n\u00e9ralement, d\u2019aucune exploitation, sans l\u2019accord express de la SCI La Long\u00e8re du Lavoir.<\/span><br \/><span>Les photos pr\u00e9sent\u00e9es \u00e0 titre d\u2019illustration n\u2019ont pas de valeur contractuelle.<\/span><\/p><p><strong>Propri\u00e9t\u00e9 des photos :<\/strong><\/p><p>Sandrine Villemaine, ADT Touraine<\/p><p><strong>Cookies :<\/strong><\/p><p>Ce site n&#8217;utilise pas de cookies.<\/p>\t\t\t\t\t\t\t\t<\/div>\n\t\t\t\t<\/div>\n\t\t\t\t\t<\/div>\n\t\t<\/div>\n\t\t\t\t\t<\/div>\n\t\t<\/section>\n\t\t\t\t<\/div>\n\t\t","protected":false},"excerpt":{"rendered":"<p>Identification : Ce site est la propri\u00e9t\u00e9 de la SCI La Long\u00e8re du Lavoir Si\u00e8ge social : 2 rue des Coudraies, 37150 Francueil RCS Tours 829 027 259 00011 Capital social : 1000 \u20ac Responsable : Sandrine Villemaine H\u00e9bergement : OVH 2 rue kellermann BP 80157 59053 Roubaix cedex 1 [&hellip;]<\/p>\n","protected":false},"author":1,"featured_media":263,"parent":0,"menu_order":0,"comment_status":"closed","ping_status":"closed","template":"page-templates\/template-pagebuilder-full-width.php","meta":{"footnotes":""},"class_list":["post-1111","page","type-page","status-publish","has-post-thumbnail","hentry"],"_links":{"self":[{"href":"https:\/\/lalongeredulavoir.fr\/index.php?rest_route=\/wp\/v2\/pages\/1111","targetHints":{"allow":["GET"]}}],"collection":[{"href":"https:\/\/lalongeredulavoir.fr\/index.php?rest_route=\/wp\/v2\/pages"}],"about":[{"href":"https:\/\/lalongeredulavoir.fr\/index.php?rest_route=\/wp\/v2\/types\/page"}],"author":[{"embeddable":true,"href":"https:\/\/lalongeredulavoir.fr\/index.php?rest_route=\/wp\/v2\/users\/1"}],"replies":[{"embeddable":true,"href":"https:\/\/lalongeredulavoir.fr\/index.php?rest_route=%2Fwp%2Fv2%2Fcomments&post=1111"}],"version-history":[{"count":28,"href":"https:\/\/lalongeredulavoir.fr\/index.php?rest_route=\/wp\/v2\/pages\/1111\/revisions"}],"predecessor-version":[{"id":1280,"href":"https:\/\/lalongeredulavoir.fr\/index.php?rest_route=\/wp\/v2\/pages\/1111\/revisions\/1280"}],"wp:featuredmedia":[{"embeddable":true,"href":"https:\/\/lalongeredulavoir.fr\/index.php?rest_route=\/wp\/v2\/media\/263"}],"wp:attachment":[{"href":"https:\/\/lalongeredulavoir.fr\/index.php?rest_route=%2Fwp%2Fv2%2Fmedia&parent=1111"}],"curies":[{"name":"wp","href":"https:\/\/api.w.org\/{rel}","templated":true}]}}