{"id":11,"date":"2022-03-08T15:09:14","date_gmt":"2022-03-08T14:09:14","guid":{"rendered":"https:\/\/lalongeredulavoir.fr\/?page_id=11"},"modified":"2024-10-15T21:51:54","modified_gmt":"2024-10-15T19:51:54","slug":"contact","status":"publish","type":"page","link":"https:\/\/lalongeredulavoir.fr\/?page_id=11","title":{"rendered":"Contact"},"content":{"rendered":"<form enctype=\"multipart\/form-data\" method=\"post\" id=\"form_contact-form\"  >\n<fieldset>\n<legend>Contactez-nous<\/legend>\n<h3>Contactez-nous<\/h3>\n<p>Merci de nous envoyer un message. Nous vous r\u00e9pondrons dans les meilleurs d\u00e9lais.<\/p>\n<p><input type=\"hidden\" name=\"frm_action\" value=\"create\" \/><br \/>\n<input type=\"hidden\" name=\"form_id\" value=\"1\" \/><br \/>\n<input type=\"hidden\" name=\"frm_hide_fields_1\" id=\"frm_hide_fields_1\" value=\"\" \/><br \/>\n<input type=\"hidden\" name=\"form_key\" value=\"contact-form\" \/><br \/>\n<input type=\"hidden\" name=\"item_meta[0]\" value=\"\" \/><br \/>\n<input type=\"hidden\" id=\"frm_submit_entry_1\" name=\"frm_submit_entry_1\" value=\"c22244d9a6\" \/><input type=\"hidden\" name=\"_wp_http_referer\" value=\"\/wp-admin\/admin-ajax.php\" \/><br \/>\n    <label for=\"field_qh4icy\" id=\"field_qh4icy_label\">Nom<br \/>\n        *<br \/>\n    <\/label><br \/>\n    <input type=\"text\" id=\"field_qh4icy\" name=\"item_meta[1]\" value=\"\"  data-reqmsg=\"Ce champ ne peut pas \u00eatre vide\" aria-required=\"true\" data-invmsg=\"Name est non valide\" aria-invalid=\"false\"  \/><br \/>\n    <label for=\"field_ocfup1\" id=\"field_ocfup1_label\">Pr\u00e9nom<br \/>\n        *<br \/>\n    <\/label><br \/>\n    <input type=\"text\" id=\"field_ocfup1\" name=\"item_meta[2]\" value=\"\"  data-reqmsg=\"Ce champ ne peut pas \u00eatre vide\" aria-required=\"true\" data-invmsg=\"Last est non valide\" aria-invalid=\"false\"  \/><br \/>\n    <label for=\"field_29yf4d\" id=\"field_29yf4d_label\">Email<br \/>\n        *<br \/>\n    <\/label><br \/>\n    <input type=\"email\" id=\"field_29yf4d\" name=\"item_meta[3]\" value=\"\"  data-reqmsg=\"Ce champ ne peut pas \u00eatre vide\" aria-required=\"true\" data-invmsg=\"Please enter a valid email address\" aria-invalid=\"false\"  \/><br \/>\n    <label for=\"field_u16n0\" id=\"field_u16n0_label\">T\u00e9l\u00e9phone<br \/>\n        *<br \/>\n    <\/label><br \/>\n    <input type=\"tel\" id=\"field_u16n0\" name=\"item_meta[6]\" value=\"\"  data-reqmsg=\"Ce champ ne peut pas \u00eatre vide\" aria-required=\"true\" data-invmsg=\"T\u00e9l\u00e9phone est non valide\" aria-invalid=\"false\" pattern=\"((+d{1,3}(-|.| )?(?d)?(-| |.)?d{1,5})|((?d{2,6})?))(-|.| )?(d{3,4})(-|.| )?(d{4})(( x| ext)d{1,5}){0,1}$\"  \/><br \/>\n    <label for=\"field_amifg\" id=\"field_amifg_label\">Nombre d&#8217;adultes<br \/>\n    <\/label><br \/>\n    <input type=\"number\" id=\"field_amifg\" name=\"item_meta[7]\" value=\"\"  data-invmsg=\"Nombre est non valide\" aria-invalid=\"false\"   min=\"0\" max=\"9999999\" step=\"any\"\/><br \/>\n    <label for=\"field_ygwu8\" id=\"field_ygwu8_label\">Nombre d&#8217;enfants<br \/>\n    <\/label><br \/>\n    <input type=\"number\" id=\"field_ygwu8\" name=\"item_meta[8]\" value=\"\"  data-invmsg=\"Nombre est non valide\" aria-invalid=\"false\"   min=\"0\" max=\"9999999\" step=\"any\"\/><br \/>\n    <label for=\"field_9jv0r1\" id=\"field_9jv0r1_label\">Message<br \/>\n        *<br \/>\n    <\/label><br \/>\n    <textarea name=\"item_meta[5]\" id=\"field_9jv0r1\" rows=\"5\"  data-reqmsg=\"Ce champ ne peut pas \u00eatre vide\" aria-required=\"true\" data-invmsg=\"Message est non valide\" aria-invalid=\"false\"  ><\/textarea><br \/>\n    <label for=\"g-recaptcha-response\" id=\"field_df2ei_label\">reCAPTCHA<br \/>\n    <\/label><br \/>\n\t<input type=\"hidden\" name=\"item_key\" value=\"\" \/><br \/>\n\t\t\t\t<label for=\"frm_email_1\"><br \/>\n\t\t\t\t\tSi vous \u00eates un humain, ne remplissez pas ce champ.\t\t\t\t<\/label><br \/>\n\t\t\t\t<input type=\"text\" id=\"frm_email_1\" name=\"frm_verify\" value=\"\"  \/><br \/>\n<button type=\"submit\"  >Envoyer<\/button><br \/>\n<\/fieldset>\n<\/form>\n<p>Votre interlocutrice : Sandrine Villemaine<\/p>\n<p>T\u00e9l\u00e9phone : 06.22.13.82.48<\/p>\n<p>SCI La Long\u00e8re du Lavoir, 2 rue des Coudraies, 37150 Francueil, RCS Tours 829 027 259<\/p>\n<p><strong>Politique de confidentialit\u00e9 :<\/strong><\/p>\n<p>Les informations recueillies sur ce formulaire sont enregistr\u00e9es dans un fichier informatis\u00e9 par Sandrine Villemaine, \u00e0 des fins commerciales.<\/p>\n<p>Les donn\u00e9es collect\u00e9es ne sont communiqu\u00e9es \u00e0 aucune autre soci\u00e9t\u00e9.<\/p>\n<p>Les donn\u00e9es sont conserv\u00e9es pendant 5 ans.<\/p>\n<p>Vous pouvez acc\u00e9der aux donn\u00e9es vous concernant, les rectifier, demander leur effacement ou exercer votre droit \u00e0 la limitation du traitement de vos donn\u00e9es.<\/p>\n<p>Si vous estimez, apr\u00e8s nous avoir contact\u00e9s, que vos droits \u00ab\u00a0Informatique et Libert\u00e9s\u00a0\u00bb ne sont pas respect\u00e9s, vous pouvez adresser une r\u00e9clamation \u00e0 la CNIL.<\/p>\n","protected":false},"excerpt":{"rendered":"<p>Contactez-nous Contactez-nous Merci de nous envoyer un message. Nous vous r\u00e9pondrons dans les meilleurs d\u00e9lais. Nom * Pr\u00e9nom * Email * T\u00e9l\u00e9phone * Nombre d&#8217;adultes Nombre d&#8217;enfants Message * reCAPTCHA Si vous \u00eates un humain, ne remplissez pas ce champ. Envoyer Votre interlocutrice : Sandrine Villemaine T\u00e9l\u00e9phone : 06.22.13.82.48 SCI [&hellip;]<\/p>\n","protected":false},"author":1,"featured_media":18,"parent":0,"menu_order":0,"comment_status":"closed","ping_status":"closed","template":"","meta":{"footnotes":""},"class_list":["post-11","page","type-page","status-publish","has-post-thumbnail","hentry"],"_links":{"self":[{"href":"https:\/\/lalongeredulavoir.fr\/index.php?rest_route=\/wp\/v2\/pages\/11","targetHints":{"allow":["GET"]}}],"collection":[{"href":"https:\/\/lalongeredulavoir.fr\/index.php?rest_route=\/wp\/v2\/pages"}],"about":[{"href":"https:\/\/lalongeredulavoir.fr\/index.php?rest_route=\/wp\/v2\/types\/page"}],"author":[{"embeddable":true,"href":"https:\/\/lalongeredulavoir.fr\/index.php?rest_route=\/wp\/v2\/users\/1"}],"replies":[{"embeddable":true,"href":"https:\/\/lalongeredulavoir.fr\/index.php?rest_route=%2Fwp%2Fv2%2Fcomments&post=11"}],"version-history":[{"count":16,"href":"https:\/\/lalongeredulavoir.fr\/index.php?rest_route=\/wp\/v2\/pages\/11\/revisions"}],"predecessor-version":[{"id":1110,"href":"https:\/\/lalongeredulavoir.fr\/index.php?rest_route=\/wp\/v2\/pages\/11\/revisions\/1110"}],"wp:featuredmedia":[{"embeddable":true,"href":"https:\/\/lalongeredulavoir.fr\/index.php?rest_route=\/wp\/v2\/media\/18"}],"wp:attachment":[{"href":"https:\/\/lalongeredulavoir.fr\/index.php?rest_route=%2Fwp%2Fv2%2Fmedia&parent=11"}],"curies":[{"name":"wp","href":"https:\/\/api.w.org\/{rel}","templated":true}]}}